{"id":1098,"date":"2026-03-25T18:55:34","date_gmt":"2026-03-25T18:55:34","guid":{"rendered":"https:\/\/conexionbrasil.com\/?page_id=1098"},"modified":"2026-04-04T14:34:31","modified_gmt":"2026-04-04T14:34:31","slug":"home","status":"publish","type":"page","link":"https:\/\/conexionbrasil.com\/pt\/","title":{"rendered":"Lar"},"content":{"rendered":"\n<div class=\"wp-block-uagb-container uagb-block-047cd754 alignfull uagb-is-root-container\"><div class=\"uagb-container-inner-blocks-wrap\">\n<div class=\"wp-block-uagb-info-box uagb-block-7f3f9679 uagb-infobox__content-wrap  uagb-infobox-icon-below-title uagb-infobox-image-valign-top wp-block-uagb-info-box--has-margin\"><div class=\"uagb-infobox-margin-wrapper\"><div class=\"uagb-ifb-content\"><div class=\"uagb-ifb-title-wrap\"><h1 class=\"uagb-ifb-title\">Puente estrat\u00e9gico con Brasil<\/h1><\/div><p class=\"uagb-ifb-desc\">Soy Pilar Guill\u00e9n y optimizo la comunicaci\u00f3n en portugu\u00e9s de empresas y agencias de marketing para que fidelicen clientes y lideren equipos en Brasil sin fricciones culturales.<\/p><div class=\"uagb-ifb-button-wrapper wp-block-button\"><a href=\"https:\/\/wa.me\/5491156010917\" class=\"uagb-infobox-cta-link wp-block-button__link\" target=\"_blank\" rel=\"noopener noreferrer\" onclick=\"return true;\"><svg xmlns=\"https:\/\/www.w3.org\/2000\/svg\" viewBox=\"0 0 448 512\"><path d=\"M380.9 97.1C339 55.1 283.2 32 223.9 32c-122.4 0-222 99.6-222 222 0 39.1 10.2 77.3 29.6 111L0 480l117.7-30.9c32.4 17.7 68.9 27 106.1 27h.1c122.3 0 224.1-99.6 224.1-222 0-59.3-25.2-115-67.1-157zm-157 341.6c-33.2 0-65.7-8.9-94-25.7l-6.7-4-69.8 18.3L72 359.2l-4.4-7c-18.5-29.4-28.2-63.3-28.2-98.2 0-101.7 82.8-184.5 184.6-184.5 49.3 0 95.6 19.2 130.4 54.1 34.8 34.9 56.2 81.2 56.1 130.5 0 101.8-84.9 184.6-186.6 184.6zm101.2-138.2c-5.5-2.8-32.8-16.2-37.9-18-5.1-1.9-8.8-2.8-12.5 2.8-3.7 5.6-14.3 18-17.6 21.8-3.2 3.7-6.5 4.2-12 1.4-32.6-16.3-54-29.1-75.5-66-5.7-9.8 5.7-9.1 16.3-30.3 1.8-3.7 .9-6.9-.5-9.7-1.4-2.8-12.5-30.1-17.1-41.2-4.5-10.8-9.1-9.3-12.5-9.5-3.2-.2-6.9-.2-10.6-.2-3.7 0-9.7 1.4-14.8 6.9-5.1 5.6-19.4 19-19.4 46.3 0 27.3 19.9 53.7 22.6 57.4 2.8 3.7 39.1 59.7 94.8 83.8 35.2 15.2 49 16.5 66.6 13.9 10.7-1.6 32.8-13.4 37.4-26.4 4.6-13 4.6-24.1 3.2-26.4-1.3-2.5-5-3.9-10.5-6.6z\"><\/path><\/svg><span class=\"uagb-inline-editing\">Conecta con Conexi\u00f3n Brasil<\/span><\/a><\/div><\/div><\/div><\/div>\n<\/div><\/div>\n\n\n\n<div class=\"wp-block-uagb-container uagb-block-c6d4490e alignfull uagb-is-root-container\"><div class=\"uagb-container-inner-blocks-wrap\">\n<div class=\"wp-block-uagb-advanced-heading uagb-block-bb698e9e\"><h6 class=\"uagb-heading-text\">Empresas que conf\u00edan en Conexi\u00f3n Brasil<\/h6><\/div>\n\n\n<style id=\"sp_lcp_dynamic_css1132\">div#logo-carousel-free-1132.logo-carousel-free .sp-lc-logo{border: 1px none #dddddd;border-radius: 0px;overflow: hidden;}div#logo-carousel-free-1132.logo-carousel-free .sp-lc-logo:hover{border-color: #006837;}#logo-carousel-free-1132.sp-lc-container .sp-lc-pagination .swiper-pagination-bullet {background-color: #dddddd;margin: 0 4px;}#logo-carousel-free-1132.sp-lc-container .sp-lc-pagination .swiper-pagination-bullet.swiper-pagination-bullet-active{background-color: #006837; }@media only screen and (max-width: 576px) {#logo-carousel-free-1132.sp-lc-container .sp-lc-button-prev,#logo-carousel-free-1132.sp-lc-container .sp-lc-button-next {display: none;}} .logo-carousel-free-area#logo-carousel-free-1132{position: relative;}#lcp-preloader-1132{position: absolute;left: 0;top: 0;height: 100%;width: 100%;text-align: center;display: flex;align-items: center;justify-content: center;background: #fff;z-index: 9999;} .logo-carousel-free-area#logo-carousel-free-1132 .sp-logo-carousel-section-title{margin-bottom: 30px;}#logo-carousel-free-1132 .sp-lc-grid-container { justify-content: left; align-items: center; } #logo-carousel-free-1132 .swiper-wrapper .swiper-slide { align-self: center; }#logo-carousel-free-1132 .sp-lc-grid-container {margin-left: -4px;margin-right: -4px;width: calc( 100% + 8px);}#logo-carousel-free-1132 .sp-lc-grid-container [class*=\"lc-col\"] {padding-left: 4px;padding-right: 4px;padding-bottom: 8px;}@media screen and (min-width: 1200px ){.logo-carousel-free-area#logo-carousel-free-1132 .sp-logo-carousel:not([class*=\"-initialized\"]) > .swiper-wrapper {display: flex;width: calc( 100% + 8px );}.logo-carousel-free-area#logo-carousel-free-1132 .sp-logo-carousel:not([class*=\"-initialized\"]) > .swiper-wrapper > .swiper-slide {width: 25%;padding-right: 8px;}}<\/style>\n<div id='logo-carousel-free-1132' class=\"logo-carousel-free logo-carousel-free-area sp-lc-container\">\n\t\t\t<div id=\"lcp-preloader-1132\" class=\"sp-logo-carousel-preloader\"><img decoding=\"async\" src=\"https:\/\/conexionbrasil.com\/wp-content\/plugins\/logo-carousel-free\/admin\/assets\/images\/spinner.svg\" class=\"skip-lazy\" alt=\"Loader Image\"\/><\/div>\n\t\t\t<div id=\"sp-logo-carousel-id-1132\" class=\"swiper-container sp-logo-carousel  lcp-preloader\" dir=\"ltr\" data-carousel='{ \"speed\":600,\"spaceBetween\": 8, \"autoplay\": true, \"infinite\":true, \"autoplay_speed\": 1000, \"stop_onHover\": true, \"pagination\": true, \"navigation\": false, \"MobileNav\": false, \"MobilePagi\": true, \"simulateTouch\": true,\"freeMode\": false,\"swipeToSlide\": false, \"carousel_accessibility\": true,\"adaptiveHeight\": false,\"allowTouchMove\": true, \"slidesPerView\": { \"lg_desktop\": 4, \"desktop\": 3, \"tablet\": 3, \"mobile\": 1, \"mobile_landscape\": 2 } }' data-carousel-starts-onscreen=\"false\">\n\t\t<div class=\"swiper-wrapper\">\n\t\t\t\t<div class=\"swiper-slide\"><div class=\"sp-lc-logo\"><img loading=\"lazy\" decoding=\"async\" src=\"https:\/\/i0.wp.com\/conexionbrasil.com\/wp-content\/uploads\/2026\/03\/ucema-logo.png?fit=228%2C131&#038;ssl=1\" title=\"\" alt=\"ucema logo\" width=\"228\" height=\"131\" class=\"sp-lc-image\"><\/div><\/div>\n\t\t<div class=\"swiper-slide\"><div class=\"sp-lc-logo\"><img loading=\"lazy\" decoding=\"async\" src=\"https:\/\/i0.wp.com\/conexionbrasil.com\/wp-content\/uploads\/2026\/03\/bsc-logo.png?fit=228%2C131&#038;ssl=1\" title=\"\" alt=\"bsc logo\" width=\"228\" height=\"131\" class=\"sp-lc-image\"><\/div><\/div>\n\t\t<div class=\"swiper-slide\"><div class=\"sp-lc-logo\"><img loading=\"lazy\" decoding=\"async\" src=\"https:\/\/i0.wp.com\/conexionbrasil.com\/wp-content\/uploads\/2026\/03\/giga-it-logo.png?fit=228%2C131&#038;ssl=1\" title=\"\" alt=\"giga it logo\" width=\"228\" height=\"131\" class=\"sp-lc-image\"><\/div><\/div>\n\t\t<div class=\"swiper-slide\"><div class=\"sp-lc-logo\"><img loading=\"lazy\" decoding=\"async\" src=\"https:\/\/i0.wp.com\/conexionbrasil.com\/wp-content\/uploads\/2026\/03\/groovinads-logo.png?fit=228%2C131&#038;ssl=1\" title=\"\" alt=\"groovinads logo\" width=\"228\" height=\"131\" class=\"sp-lc-image\"><\/div><\/div>\n\t\t<div class=\"swiper-slide\"><div class=\"sp-lc-logo\"><img loading=\"lazy\" decoding=\"async\" src=\"https:\/\/i0.wp.com\/conexionbrasil.com\/wp-content\/uploads\/2026\/03\/ledevit-logo.png?fit=228%2C131&#038;ssl=1\" title=\"\" alt=\"ledevit logo\" width=\"228\" height=\"131\" class=\"sp-lc-image\"><\/div><\/div>\n\t\t\t<\/div>\n\n\t\t\t\t\t<div class=\"sp-lc-pagination swiper-pagination dots\"><\/div>\n\t\t\t\t<\/div>\n<\/div>\n\n<\/div><\/div>\n\n\n\n<div class=\"wp-block-uagb-container uagb-block-cff66670 alignfull uagb-is-root-container\"><div class=\"uagb-container-inner-blocks-wrap\">\n<div class=\"wp-block-uagb-advanced-heading uagb-block-08434f9d\"><h2 class=\"uagb-heading-text\">CONECTA CON TODO ESTO<\/h2><\/div>\n\n\n\n<div class=\"wp-block-uagb-container uagb-layout-grid uagb-block-41265c52 alignfull uagb-is-root-container\"><div class=\"uagb-container-inner-blocks-wrap\">\n<div class=\"wp-block-uagb-info-box uagb-block-0ac056e2 uagb-infobox__content-wrap  uagb-infobox-icon-above-title uagb-infobox-image-valign-top\"><div class=\"uagb-ifb-content\"><div class=\"uagb-ifb-title-wrap\"><h4 class=\"uagb-ifb-title\">M\u00e9todo Conexi\u00f3n Brasil&#x2122;<\/h4><\/div><p class=\"uagb-ifb-desc\">Es un sistema estrat\u00e9gicamente dise\u00f1ado para entrenar tu comunicaci\u00f3n y que logres liderar equipos, hacer negocios y mejorar tu networking en portugu\u00e9s, para que aproveches de forma s\u00f3lida las oportunidades que el mercado brasile\u00f1o te brinda y te destaques frente a la competencia.<br><\/p><div class=\"uagb-ifb-button-wrapper wp-block-button\"><a href=\"https:\/\/conexionbrasil.com\/metodo-conexion-brasil\/\" class=\"uagb-infobox-cta-link wp-block-button__link\" target=\"_self\" rel=\"noopener noreferrer\" onclick=\"return true;\"><span class=\"uagb-inline-editing\">Ver metodolog\u00eda completa<\/span><\/a><\/div><\/div><\/div>\n\n\n\n<div class=\"wp-block-uagb-info-box uagb-block-ec9db161 uagb-infobox__content-wrap  uagb-infobox-icon-above-title uagb-infobox-image-valign-top\"><div class=\"uagb-ifb-content\"><div class=\"uagb-ifb-title-wrap\"><h4 class=\"uagb-ifb-title\">Evento Conex\u00e3o Brasil&#x2122;<\/h4><\/div><p class=\"uagb-ifb-desc\">Un espacio dise\u00f1ado para llevar a la pr\u00e1ctica todo lo que muchas veces queda solo en teor\u00eda. Es una experiencia de networking pensada para profesionales y empresas que quieren hacer negocios con Brasil. Combinamos charlas con referentes y una inmersi\u00f3n cultural \u00fanica. Cupos limitados para garantizar la calidad de las conexiones.<br><\/p><div class=\"uagb-ifb-button-wrapper wp-block-button\"><a href=\"https:\/\/conexionbrasil.com\/evento-conexao-brasil\/\" class=\"uagb-infobox-cta-link wp-block-button__link\" target=\"_self\" rel=\"noopener noreferrer\" onclick=\"return true;\"><span class=\"uagb-inline-editing\">Quiero saber m\u00e1s<\/span><\/a><\/div><\/div><\/div>\n\n\n\n<div class=\"wp-block-uagb-info-box uagb-block-fcd6c728 uagb-infobox__content-wrap  uagb-infobox-icon-above-title uagb-infobox-image-valign-top\"><div class=\"uagb-ifb-content\"><div class=\"uagb-ifb-title-wrap\"><h4 class=\"uagb-ifb-title\">Brasil con Sentido<\/h4><\/div><p class=\"uagb-ifb-desc\">Te invito a sumarte a mi newsletter. Vas a descubrir informaci\u00f3n estrat\u00e9gica para conocer Brasil y su cultura desde los cinco sentidos. <br>Porque cuando ampli\u00e1s tu mirada sobre Brasil entend\u00e9s mejor el contexto y pod\u00e9s hacer negocios de forma m\u00e1s estrat\u00e9gica, s\u00f3lida y segura.<br><\/p><div class=\"uagb-ifb-button-wrapper wp-block-button\"><a href=\"https:\/\/conexionbrasil.substack.com\" class=\"uagb-infobox-cta-link wp-block-button__link\" target=\"_blank\" rel=\"noopener noreferrer\" onclick=\"return true;\"><span class=\"uagb-inline-editing\">Suscribite aqu\u00ed<\/span><\/a><\/div><\/div><\/div>\n<\/div><\/div>\n<\/div><\/div>\n\n\n\n<div class=\"wp-block-uagb-container uagb-block-af25ed87 alignfull uagb-is-root-container\"><div class=\"uagb-container-inner-blocks-wrap\">\n<div class=\"wp-block-uagb-info-box uagb-block-c4cdfc7b uagb-infobox__content-wrap  uagb-infobox-icon-above-title uagb-infobox-image-valign-top\"><div class=\"uagb-ifb-content\"><div class=\"uagb-ifb-title-wrap\"><h2 class=\"uagb-ifb-title\">El puente entre tu negocio y Brasil no es solo el idioma<\/h2><\/div><p class=\"uagb-ifb-desc\">Es la capacidad de entender lo que no se dice y de vincularse con autoridad. <br>Si busc\u00e1s profesionalizar la forma en que tu equipo opera, negocia y crece en Brasil, estoy ac\u00e1 para acompa\u00f1arte en ese proceso estrat\u00e9gico.<br><strong>Hablemos y evaluemos si el M\u00e9todo Conexi\u00f3n Brasil&#x2122; es lo que tu empresa necesita hoy.<\/strong><\/p><\/div><\/div>\n\n\n\n<div data-aos= \"fade\" data-aos-duration=\"400\" data-aos-delay=\"0\" data-aos-easing=\"ease\" data-aos-once=\"true\" class=\"wp-block-uagb-buttons uagb-buttons__outer-wrap uagb-btn__default-btn uagb-btn-tablet__default-btn uagb-btn-mobile__default-btn uagb-block-27966698\"><div class=\"uagb-buttons__wrap uagb-buttons-layout-wrap \">\n<div class=\"wp-block-uagb-buttons-child uagb-buttons__outer-wrap uagb-block-48b5fc77 wp-block-button\"><div class=\"uagb-button__wrapper\"><a class=\"uagb-buttons-repeater wp-block-button__link\" aria-label=\"\" href=\"https:\/\/wa.me\/5491156010917\" rel=\"follow noopener\" target=\"_blank\" role=\"button\"><div class=\"uagb-button__link\">Contactame<\/div><\/a><\/div><\/div>\n<\/div><\/div>\n<\/div><\/div>\n","protected":false},"excerpt":{"rendered":"<p>Empresas que conf\u00edan en Conexi\u00f3n Brasil CONECTA CON TODO ESTO<\/p>","protected":false},"author":2,"featured_media":0,"parent":0,"menu_order":0,"comment_status":"closed","ping_status":"closed","template":"","meta":{"_uag_custom_page_level_css":"","site-sidebar-layout":"default","site-content-layout":"","ast-site-content-layout":"default","site-content-style":"default","site-sidebar-style":"default","ast-global-header-display":"","ast-banner-title-visibility":"","ast-main-header-display":"","ast-hfb-above-header-display":"","ast-hfb-below-header-display":"","ast-hfb-mobile-header-display":"","site-post-title":"disabled","ast-breadcrumbs-content":"","ast-featured-img":"","footer-sml-layout":"","ast-disable-related-posts":"","theme-transparent-header-meta":"","adv-header-id-meta":"","stick-header-meta":"","header-above-stick-meta":"","header-main-stick-meta":"","header-below-stick-meta":"","astra-migrate-meta-layouts":"default","ast-page-background-enabled":"default","ast-page-background-meta":{"desktop":{"background-color":"var(--ast-global-color-5)","background-image":"","background-repeat":"repeat","background-position":"center center","background-size":"auto","background-attachment":"scroll","background-type":"","background-media":"","overlay-type":"","overlay-color":"","overlay-opacity":"","overlay-gradient":""},"tablet":{"background-color":"","background-image":"","background-repeat":"repeat","background-position":"center center","background-size":"auto","background-attachment":"scroll","background-type":"","background-media":"","overlay-type":"","overlay-color":"","overlay-opacity":"","overlay-gradient":""},"mobile":{"background-color":"","background-image":"","background-repeat":"repeat","background-position":"center center","background-size":"auto","background-attachment":"scroll","background-type":"","background-media":"","overlay-type":"","overlay-color":"","overlay-opacity":"","overlay-gradient":""}},"ast-content-background-meta":{"desktop":{"background-color":"var(--ast-global-color-4)","background-image":"","background-repeat":"repeat","background-position":"center center","background-size":"auto","background-attachment":"scroll","background-type":"","background-media":"","overlay-type":"","overlay-color":"","overlay-opacity":"","overlay-gradient":""},"tablet":{"background-color":"var(--ast-global-color-4)","background-image":"","background-repeat":"repeat","background-position":"center center","background-size":"auto","background-attachment":"scroll","background-type":"","background-media":"","overlay-type":"","overlay-color":"","overlay-opacity":"","overlay-gradient":""},"mobile":{"background-color":"var(--ast-global-color-4)","background-image":"","background-repeat":"repeat","background-position":"center center","background-size":"auto","background-attachment":"scroll","background-type":"","background-media":"","overlay-type":"","overlay-color":"","overlay-opacity":"","overlay-gradient":""}},"footnotes":""},"class_list":["post-1098","page","type-page","status-publish","hentry"],"uagb_featured_image_src":{"full":false,"thumbnail":false,"medium":false,"medium_large":false,"large":false,"1536x1536":false,"2048x2048":false,"trp-custom-language-flag":false,"woocommerce_thumbnail":false,"woocommerce_single":false,"woocommerce_gallery_thumbnail":false},"uagb_author_info":{"display_name":"Conexion Brasil de Pilar Guill\u00e9n","author_link":"https:\/\/conexionbrasil.com\/pt\/author\/l0051339\/"},"uagb_comment_info":0,"uagb_excerpt":"Empresas que conf\u00edan en Conexi\u00f3n Brasil CONECTA CON TODO ESTO","jetpack_sharing_enabled":true,"_links":{"self":[{"href":"https:\/\/conexionbrasil.com\/pt\/wp-json\/wp\/v2\/pages\/1098","targetHints":{"allow":["GET"]}}],"collection":[{"href":"https:\/\/conexionbrasil.com\/pt\/wp-json\/wp\/v2\/pages"}],"about":[{"href":"https:\/\/conexionbrasil.com\/pt\/wp-json\/wp\/v2\/types\/page"}],"author":[{"embeddable":true,"href":"https:\/\/conexionbrasil.com\/pt\/wp-json\/wp\/v2\/users\/2"}],"replies":[{"embeddable":true,"href":"https:\/\/conexionbrasil.com\/pt\/wp-json\/wp\/v2\/comments?post=1098"}],"version-history":[{"count":92,"href":"https:\/\/conexionbrasil.com\/pt\/wp-json\/wp\/v2\/pages\/1098\/revisions"}],"predecessor-version":[{"id":1915,"href":"https:\/\/conexionbrasil.com\/pt\/wp-json\/wp\/v2\/pages\/1098\/revisions\/1915"}],"wp:attachment":[{"href":"https:\/\/conexionbrasil.com\/pt\/wp-json\/wp\/v2\/media?parent=1098"}],"curies":[{"name":"wp","href":"https:\/\/api.w.org\/{rel}","templated":true}]}}