{"id":1185,"date":"2026-03-25T22:29:37","date_gmt":"2026-03-25T22:29:37","guid":{"rendered":"https:\/\/conexionbrasil.com\/?page_id=1185"},"modified":"2026-04-04T14:37:42","modified_gmt":"2026-04-04T14:37:42","slug":"acerca-de-mi","status":"publish","type":"page","link":"https:\/\/conexionbrasil.com\/pt\/acerca-de-mi\/","title":{"rendered":"Sobre mim"},"content":{"rendered":"\n<div class=\"wp-block-uagb-container uagb-block-c3728aa4 alignfull uagb-is-root-container\"><div class=\"uagb-container-inner-blocks-wrap\">\n<div class=\"wp-block-uagb-advanced-heading uagb-block-1a1b3e02\"><h1 class=\"uagb-heading-text\">Acerca de mi<\/h1><\/div>\n<\/div><\/div>\n\n\n\n<div class=\"wp-block-uagb-container uagb-layout-grid uagb-block-c5de67fd alignfull uagb-is-root-container\"><div class=\"uagb-container-inner-blocks-wrap\">\n<div class=\"wp-block-uagb-advanced-heading uagb-block-0df9070f\"><h2 class=\"uagb-heading-text\">Soy Pilar Guill\u00e9n, consultora en comunicaci\u00f3n estrat\u00e9gica aplicada a negocios entre pa\u00edses de Latinoam\u00e9rica Hispanohablantes y Brasil.<\/h2><\/div>\n\n\n\n<div class=\"wp-block-uagb-image uagb-block-951bea73 wp-block-uagb-image--layout-default wp-block-uagb-image--effect-static wp-block-uagb-image--align-none\"><figure class=\"wp-block-uagb-image__figure\"><img data-recalc-dims=\"1\" decoding=\"async\" srcset=\"https:\/\/conexionbrasil.com\/wp-content\/uploads\/2026\/03\/PilarGuillen600x600_2.jpg ,https:\/\/conexionbrasil.com\/wp-content\/uploads\/2026\/03\/PilarGuillen600x600_2.jpg 780w, https:\/\/conexionbrasil.com\/wp-content\/uploads\/2026\/03\/PilarGuillen600x600_2.jpg 360w\" sizes=\"auto, (max-width: 480px) 150px\" src=\"https:\/\/i0.wp.com\/conexionbrasil.com\/wp-content\/uploads\/2026\/03\/PilarGuillen600x600_2.jpg?resize=600%2C600&#038;ssl=1\" alt=\"PilarGuillen600x600_2\" class=\"uag-image-1206\" width=\"600\" height=\"600\" title=\"PilarGuillen600x600_2\" loading=\"lazy\" role=\"img\"\/><\/figure><\/div>\n<\/div><\/div>\n\n\n\n<div class=\"wp-block-uagb-container uagb-block-2b0d86d1 alignfull uagb-is-root-container\"><div class=\"uagb-container-inner-blocks-wrap\">\n<div class=\"wp-block-uagb-advanced-heading uagb-block-134db1dc\"><p class=\"uagb-heading-text\">Durante m\u00e1s de 10 a\u00f1os trabaj\u00e9 en uno de los institutos de portugu\u00e9s m\u00e1s reconocidos donde formaban a l\u00edderes corporativos y equipos de empresas referentes de la regi\u00f3n. Esta experiencia me permiti\u00f3 comprender en profundidad las exigencias, urgencias y din\u00e1micas reales del mundo empresarial.<br><br>A lo largo de mi carrera, trabaj\u00e9 directamente con equipos de Brasil, gestionando proveedores, resolviendo conflictos y participando en contextos reales de negocio. Esto me dio una visi\u00f3n pr\u00e1ctica sobre los desaf\u00edos interculturales que enfrentan las empresas al expandirse en el mercado brasile\u00f1o.<br><br>En 2020 fund\u00e9 mi propia escuela online, <em>Portugu\u00e9s desde Casa<\/em>, donde acompa\u00f1\u00e9 a m\u00e1s de 100 alumnos de distintos pa\u00edses.<br><br>Con el tiempo, identifiqu\u00e9 algo clave: el verdadero desaf\u00edo no es el idioma, sino la comunicaci\u00f3n estrat\u00e9gica y las fricciones culturales que impactan directamente en los resultados. <\/p><\/div>\n\n\n\n<div class=\"wp-block-uagb-advanced-heading uagb-block-7e7e76b7\"><p class=\"uagb-heading-text\">Cada vez m\u00e1s empresas empezaron a acercarse con el mismo problema: estaban haciendo todo bien, pero al trabajar con Brasil, la comunicaci\u00f3n no flu\u00eda y los resultados no aparec\u00edan.<br><br>Fue ah\u00ed donde dej\u00e9 de verme como una profesora tradicional y empec\u00e9 a enfocarme en algo mucho m\u00e1s relevante: ayudar a empresas y l\u00edderes a gestionar equipos y fidelizar clientes en Brasil con mayor efectividad. Ese proceso me llev\u00f3 a dise\u00f1ar un programa completamente alineado con esa necesidad: <strong>el M\u00e9todo Conexi\u00f3n Brasil.<\/strong><br><br>Hoy trabajo con agencias, l\u00edderes y empresas hispanohablantes que operan en Brasil, ayud\u00e1ndolos a comunicarse de forma clara, efectiva y culturalmente alineada, reduciendo fricciones invisibles y potenciando resultados reales en sus negocios.<br><br>As\u00ed naci\u00f3 Conexi\u00f3n Brasil: como un puente estrat\u00e9gico entre culturas, negocios y resultados.<\/p><\/div>\n<\/div><\/div>\n\n\n\n<div class=\"wp-block-uagb-container uagb-block-c6d4490e alignfull uagb-is-root-container\"><div class=\"uagb-container-inner-blocks-wrap\">\n<div class=\"wp-block-uagb-advanced-heading uagb-block-bb698e9e\"><h6 class=\"uagb-heading-text\">Empresas que conf\u00edan en Conexi\u00f3n Brasil<\/h6><\/div>\n\n\n<style id=\"sp_lcp_dynamic_css1132\">div#logo-carousel-free-1132.logo-carousel-free .sp-lc-logo{border: 1px none #dddddd;border-radius: 0px;overflow: hidden;}div#logo-carousel-free-1132.logo-carousel-free .sp-lc-logo:hover{border-color: #006837;}#logo-carousel-free-1132.sp-lc-container .sp-lc-pagination .swiper-pagination-bullet {background-color: #dddddd;margin: 0 4px;}#logo-carousel-free-1132.sp-lc-container .sp-lc-pagination .swiper-pagination-bullet.swiper-pagination-bullet-active{background-color: #006837; }@media only screen and (max-width: 576px) {#logo-carousel-free-1132.sp-lc-container .sp-lc-button-prev,#logo-carousel-free-1132.sp-lc-container .sp-lc-button-next {display: none;}} .logo-carousel-free-area#logo-carousel-free-1132{position: relative;}#lcp-preloader-1132{position: absolute;left: 0;top: 0;height: 100%;width: 100%;text-align: center;display: flex;align-items: center;justify-content: center;background: #fff;z-index: 9999;} .logo-carousel-free-area#logo-carousel-free-1132 .sp-logo-carousel-section-title{margin-bottom: 30px;}#logo-carousel-free-1132 .sp-lc-grid-container { justify-content: left; align-items: center; } #logo-carousel-free-1132 .swiper-wrapper .swiper-slide { align-self: center; }#logo-carousel-free-1132 .sp-lc-grid-container {margin-left: -4px;margin-right: -4px;width: calc( 100% + 8px);}#logo-carousel-free-1132 .sp-lc-grid-container [class*=\"lc-col\"] {padding-left: 4px;padding-right: 4px;padding-bottom: 8px;}@media screen and (min-width: 1200px ){.logo-carousel-free-area#logo-carousel-free-1132 .sp-logo-carousel:not([class*=\"-initialized\"]) > .swiper-wrapper {display: flex;width: calc( 100% + 8px );}.logo-carousel-free-area#logo-carousel-free-1132 .sp-logo-carousel:not([class*=\"-initialized\"]) > .swiper-wrapper > .swiper-slide {width: 25%;padding-right: 8px;}}<\/style>\n<div id='logo-carousel-free-1132' class=\"logo-carousel-free logo-carousel-free-area sp-lc-container\">\n\t\t\t<div id=\"lcp-preloader-1132\" class=\"sp-logo-carousel-preloader\"><img decoding=\"async\" src=\"https:\/\/conexionbrasil.com\/wp-content\/plugins\/logo-carousel-free\/admin\/assets\/images\/spinner.svg\" class=\"skip-lazy\" alt=\"Loader Image\"\/><\/div>\n\t\t\t<div id=\"sp-logo-carousel-id-1132\" class=\"swiper-container sp-logo-carousel  lcp-preloader\" dir=\"ltr\" data-carousel='{ \"speed\":600,\"spaceBetween\": 8, \"autoplay\": true, \"infinite\":true, \"autoplay_speed\": 1000, \"stop_onHover\": true, \"pagination\": true, \"navigation\": false, \"MobileNav\": false, \"MobilePagi\": true, \"simulateTouch\": true,\"freeMode\": false,\"swipeToSlide\": false, \"carousel_accessibility\": true,\"adaptiveHeight\": false,\"allowTouchMove\": true, \"slidesPerView\": { \"lg_desktop\": 4, \"desktop\": 3, \"tablet\": 3, \"mobile\": 1, \"mobile_landscape\": 2 } }' data-carousel-starts-onscreen=\"false\">\n\t\t<div class=\"swiper-wrapper\">\n\t\t\t\t<div class=\"swiper-slide\"><div class=\"sp-lc-logo\"><img loading=\"lazy\" decoding=\"async\" src=\"https:\/\/i0.wp.com\/conexionbrasil.com\/wp-content\/uploads\/2026\/03\/ucema-logo.png?fit=228%2C131&#038;ssl=1\" title=\"\" alt=\"ucema logo\" width=\"228\" height=\"131\" class=\"sp-lc-image\"><\/div><\/div>\n\t\t<div class=\"swiper-slide\"><div class=\"sp-lc-logo\"><img loading=\"lazy\" decoding=\"async\" src=\"https:\/\/i0.wp.com\/conexionbrasil.com\/wp-content\/uploads\/2026\/03\/bsc-logo.png?fit=228%2C131&#038;ssl=1\" title=\"\" alt=\"bsc logo\" width=\"228\" height=\"131\" class=\"sp-lc-image\"><\/div><\/div>\n\t\t<div class=\"swiper-slide\"><div class=\"sp-lc-logo\"><img loading=\"lazy\" decoding=\"async\" src=\"https:\/\/i0.wp.com\/conexionbrasil.com\/wp-content\/uploads\/2026\/03\/giga-it-logo.png?fit=228%2C131&#038;ssl=1\" title=\"\" alt=\"giga it logo\" width=\"228\" height=\"131\" class=\"sp-lc-image\"><\/div><\/div>\n\t\t<div class=\"swiper-slide\"><div class=\"sp-lc-logo\"><img loading=\"lazy\" decoding=\"async\" src=\"https:\/\/i0.wp.com\/conexionbrasil.com\/wp-content\/uploads\/2026\/03\/groovinads-logo.png?fit=228%2C131&#038;ssl=1\" title=\"\" alt=\"groovinads logo\" width=\"228\" height=\"131\" class=\"sp-lc-image\"><\/div><\/div>\n\t\t<div class=\"swiper-slide\"><div class=\"sp-lc-logo\"><img loading=\"lazy\" decoding=\"async\" src=\"https:\/\/i0.wp.com\/conexionbrasil.com\/wp-content\/uploads\/2026\/03\/ledevit-logo.png?fit=228%2C131&#038;ssl=1\" title=\"\" alt=\"ledevit logo\" width=\"228\" height=\"131\" class=\"sp-lc-image\"><\/div><\/div>\n\t\t\t<\/div>\n\n\t\t\t\t\t<div class=\"sp-lc-pagination swiper-pagination dots\"><\/div>\n\t\t\t\t<\/div>\n<\/div>\n\n<\/div><\/div>\n\n\n\n<div class=\"wp-block-uagb-container uagb-layout-grid uagb-block-fe7d9515 alignfull uagb-is-root-container\"><div class=\"uagb-container-inner-blocks-wrap\">\n<div class=\"wp-block-uagb-image uagb-block-d492a677 wp-block-uagb-image--layout-default wp-block-uagb-image--effect-static wp-block-uagb-image--align-none\"><figure class=\"wp-block-uagb-image__figure\"><img data-recalc-dims=\"1\" decoding=\"async\" srcset=\"https:\/\/conexionbrasil.com\/wp-content\/uploads\/2026\/03\/PilarGuillen600x600.webp ,https:\/\/conexionbrasil.com\/wp-content\/uploads\/2026\/03\/PilarGuillen600x600.webp 780w, https:\/\/conexionbrasil.com\/wp-content\/uploads\/2026\/03\/PilarGuillen600x600.webp 360w\" sizes=\"auto, (max-width: 480px) 150px\" src=\"https:\/\/i0.wp.com\/conexionbrasil.com\/wp-content\/uploads\/2026\/03\/PilarGuillen600x600.webp?resize=600%2C600&#038;ssl=1\" alt=\"PilarGuillen600x600\" class=\"uag-image-1197\" width=\"600\" height=\"600\" title=\"PilarGuillen600x600\" loading=\"lazy\" role=\"img\"\/><\/figure><\/div>\n\n\n\n<div class=\"wp-block-uagb-container uagb-block-e400b29f\">\n<div class=\"wp-block-uagb-advanced-heading uagb-block-a13cb162\"><h3 class=\"uagb-heading-text\">Entender Brasil es transformar la comunicaci\u00f3n en una ventaja competitiva real. Acompa\u00f1o a empresas y equipos a liderar con fluidez, eliminando barreras culturales para construir v\u00ednculos s\u00f3lidos, estrat\u00e9gicos y resultados comerciales que trasciendan fronteras de forma humana.<\/h3><\/div>\n\n\n      \n\t\t\t<div class=\"uagb-icon-wrapper uagb-block-3be0d1b9      \"\n\t\t\tstyle=\"\" >\n\t\t\t\t\t\t\t\t\t<span class=\"uagb-svg-wrapper\" \n\t\t\t\t\t aria-label=\"quote-right\"\t\t\t\t\ttabindex=\"0\">\t\t\n\t\t\t\t\t\t\t\t\t\t<svg xmlns=\"https:\/\/www.w3.org\/2000\/svg\" viewBox= \"0 0 448 512\" role=\"graphics-symbol\" aria-hidden=\"false\" aria-label=\"\"><path d=\"M96 96C42.98 96 0 138.1 0 192s42.98 96 96 96c11.28 0 21.95-2.305 32-5.879V288c0 35.3-28.7 64-64 64c-17.67 0-32 14.33-32 32s14.33 32 32 32c70.58 0 128-57.42 128-128V192C192 138.1 149 96 96 96zM448 192c0-53.02-42.98-96-96-96s-96 42.98-96 96s42.98 96 96 96c11.28 0 21.95-2.305 32-5.879V288c0 35.3-28.7 64-64 64c-17.67 0-32 14.33-32 32s14.33 32 32 32c70.58 0 128-57.42 128-128V192z\"><\/path><\/svg>\n\t\t\t\t\t\t\t\t\t<\/span>\n\t\t\t\t\t\t\t<\/div>\n\t\t\t\n\n\n<div class=\"wp-block-uagb-image alignleft uagb-block-c1ed8555 wp-block-uagb-image--layout-default wp-block-uagb-image--effect-static wp-block-uagb-image--align-left\"><figure class=\"wp-block-uagb-image__figure\"><img data-recalc-dims=\"1\" decoding=\"async\" srcset=\"https:\/\/conexionbrasil.com\/wp-content\/uploads\/2026\/03\/Firma-Pilar.png ,https:\/\/conexionbrasil.com\/wp-content\/uploads\/2026\/03\/Firma-Pilar.png 780w, https:\/\/conexionbrasil.com\/wp-content\/uploads\/2026\/03\/Firma-Pilar.png 360w\" sizes=\"auto, (max-width: 480px) 150px\" src=\"https:\/\/i0.wp.com\/conexionbrasil.com\/wp-content\/uploads\/2026\/03\/Firma-Pilar.png?resize=147%2C139&#038;ssl=1\" alt=\"Firma Pilar\" class=\"uag-image-1231\" width=\"147\" height=\"139\" title=\"Firma Pilar\" loading=\"lazy\" role=\"img\"\/><\/figure><\/div>\n<\/div>\n<\/div><\/div>\n\n\n\n<div style=\"height:20px\" aria-hidden=\"true\" class=\"wp-block-spacer\"><\/div>\n\n\n\n<div class=\"wp-block-uagb-container uagb-block-73a38292 default uagb-is-root-container\">\n<div class=\"wp-block-uagb-info-box uagb-block-6b35e704 uagb-infobox__content-wrap  uagb-infobox-icon-left-title uagb-infobox-left uagb-infobox-image-valign-top\"><div class=\"uagb-ifb-content\"><div class=\"uagb-ifb-left-title-image\"><div class=\"uagb-ifb-icon-wrap\"><div class=\"uagb-iconbox-icon-wrap uagb-infobox-shape-circle\"><svg xmlns=\"https:\/\/www.w3.org\/2000\/svg\" viewBox=\"0 0 384 512\"><path d=\"M361 215C375.3 223.8 384 239.3 384 256C384 272.7 375.3 288.2 361 296.1L73.03 472.1C58.21 482 39.66 482.4 24.52 473.9C9.377 465.4 0 449.4 0 432V80C0 62.64 9.377 46.63 24.52 38.13C39.66 29.64 58.21 29.99 73.03 39.04L361 215z\"><\/path><\/svg><\/div><\/div><div class=\"uagb-ifb-title-wrap\"><h3 class=\"uagb-ifb-title\">Mira mi canal de youTube<\/h3><\/div><\/div><\/div><\/div>\n<a class=\"spectra-container-link-overlay\" rel=\"noopener\" target=\"_blank\" href=\"https:\/\/www.youtube.com\/@conexion.brasil\"> <\/a><\/div>\n\n\n\n<div style=\"height:60px\" aria-hidden=\"true\" class=\"wp-block-spacer\"><\/div>\n\n\n\n<div class=\"wp-block-uagb-container uagb-layout-grid uagb-block-a6c34b6c alignfull uagb-is-root-container\"><div class=\"uagb-container-inner-blocks-wrap\">\n<div class=\"wp-block-uagb-advanced-heading uagb-block-2ebf5ef1\"><h2 class=\"uagb-heading-text\">Transform\u00e1 la forma en la que tu equipo negocia, lidera y genera negocios en Brasil.<\/h2><\/div>\n\n\n\n<div class=\"wp-block-uagb-buttons uagb-buttons__outer-wrap uagb-btn__extralarge-btn uagb-btn-tablet__default-btn uagb-btn-mobile__default-btn uagb-block-9ad23a33\"><div class=\"uagb-buttons__wrap uagb-buttons-layout-wrap \">\n<div class=\"wp-block-uagb-buttons-child uagb-buttons__outer-wrap uagb-block-0dd1852b wp-block-button\"><div class=\"uagb-button__wrapper\"><a class=\"uagb-buttons-repeater wp-block-button__link\" aria-label=\"\" href=\"https:\/\/conexionbrasil.com\/metodo-conexion-brasil\/\" rel=\"follow noopener\" target=\"_self\" role=\"button\"><div class=\"uagb-button__link\">Ver el \u00abM\u00e9todo Conexi\u00f3n Brasil\u00bb<\/div><\/a><\/div><\/div>\n<\/div><\/div>\n<\/div><\/div>\n\n\n\n<div class=\"wp-block-uagb-container uagb-block-af25ed87 alignfull uagb-is-root-container\"><div class=\"uagb-container-inner-blocks-wrap\">\n<div class=\"wp-block-uagb-info-box uagb-block-c4cdfc7b uagb-infobox__content-wrap  uagb-infobox-icon-above-title uagb-infobox-image-valign-top\"><div class=\"uagb-ifb-content\"><div class=\"uagb-ifb-title-wrap\"><h2 class=\"uagb-ifb-title\">El puente entre tu negocio y Brasil no es solo el idioma<\/h2><\/div><p class=\"uagb-ifb-desc\">Es la capacidad de entender lo que no se dice y de vincularse con autoridad. <br>Si busc\u00e1s profesionalizar la forma en que tu equipo opera, negocia y crece en Brasil, estoy ac\u00e1 para acompa\u00f1arte en ese proceso estrat\u00e9gico.<br><strong>Hablemos y evaluemos si el M\u00e9todo Conexi\u00f3n Brasil&#x2122; es lo que tu empresa necesita hoy.<\/strong><\/p><\/div><\/div>\n\n\n\n<div data-aos= \"fade\" data-aos-duration=\"400\" data-aos-delay=\"0\" data-aos-easing=\"ease\" data-aos-once=\"true\" class=\"wp-block-uagb-buttons uagb-buttons__outer-wrap uagb-btn__default-btn uagb-btn-tablet__default-btn uagb-btn-mobile__default-btn uagb-block-27966698\"><div class=\"uagb-buttons__wrap uagb-buttons-layout-wrap \">\n<div class=\"wp-block-uagb-buttons-child uagb-buttons__outer-wrap uagb-block-48b5fc77 wp-block-button\"><div class=\"uagb-button__wrapper\"><a class=\"uagb-buttons-repeater wp-block-button__link\" aria-label=\"\" href=\"https:\/\/wa.me\/5491156010917\" rel=\"follow noopener\" target=\"_blank\" role=\"button\"><div class=\"uagb-button__link\">Contactame<\/div><\/a><\/div><\/div>\n<\/div><\/div>\n<\/div><\/div>\n","protected":false},"excerpt":{"rendered":"<p>Acerca de mi Soy Pilar Guill\u00e9n, consultora en comunicaci\u00f3n estrat\u00e9gica aplicada a negocios entre pa\u00edses de Latinoam\u00e9rica Hispanohablantes y Brasil. [&hellip;]<\/p>\n","protected":false},"author":2,"featured_media":0,"parent":0,"menu_order":0,"comment_status":"closed","ping_status":"closed","template":"","meta":{"_uag_custom_page_level_css":"","site-sidebar-layout":"default","site-content-layout":"","ast-site-content-layout":"default","site-content-style":"default","site-sidebar-style":"default","ast-global-header-display":"","ast-banner-title-visibility":"","ast-main-header-display":"","ast-hfb-above-header-display":"","ast-hfb-below-header-display":"","ast-hfb-mobile-header-display":"","site-post-title":"disabled","ast-breadcrumbs-content":"","ast-featured-img":"","footer-sml-layout":"","ast-disable-related-posts":"","theme-transparent-header-meta":"","adv-header-id-meta":"","stick-header-meta":"","header-above-stick-meta":"","header-main-stick-meta":"","header-below-stick-meta":"","astra-migrate-meta-layouts":"default","ast-page-background-enabled":"default","ast-page-background-meta":{"desktop":{"background-color":"var(--ast-global-color-5)","background-image":"","background-repeat":"repeat","background-position":"center center","background-size":"auto","background-attachment":"scroll","background-type":"","background-media":"","overlay-type":"","overlay-color":"","overlay-opacity":"","overlay-gradient":""},"tablet":{"background-color":"","background-image":"","background-repeat":"repeat","background-position":"center center","background-size":"auto","background-attachment":"scroll","background-type":"","background-media":"","overlay-type":"","overlay-color":"","overlay-opacity":"","overlay-gradient":""},"mobile":{"background-color":"","background-image":"","background-repeat":"repeat","background-position":"center center","background-size":"auto","background-attachment":"scroll","background-type":"","background-media":"","overlay-type":"","overlay-color":"","overlay-opacity":"","overlay-gradient":""}},"ast-content-background-meta":{"desktop":{"background-color":"var(--ast-global-color-4)","background-image":"","background-repeat":"repeat","background-position":"center center","background-size":"auto","background-attachment":"scroll","background-type":"","background-media":"","overlay-type":"","overlay-color":"","overlay-opacity":"","overlay-gradient":""},"tablet":{"background-color":"var(--ast-global-color-4)","background-image":"","background-repeat":"repeat","background-position":"center center","background-size":"auto","background-attachment":"scroll","background-type":"","background-media":"","overlay-type":"","overlay-color":"","overlay-opacity":"","overlay-gradient":""},"mobile":{"background-color":"var(--ast-global-color-4)","background-image":"","background-repeat":"repeat","background-position":"center center","background-size":"auto","background-attachment":"scroll","background-type":"","background-media":"","overlay-type":"","overlay-color":"","overlay-opacity":"","overlay-gradient":""}},"footnotes":""},"class_list":["post-1185","page","type-page","status-publish","hentry"],"uagb_featured_image_src":{"full":false,"thumbnail":false,"medium":false,"medium_large":false,"large":false,"1536x1536":false,"2048x2048":false,"trp-custom-language-flag":false,"woocommerce_thumbnail":false,"woocommerce_single":false,"woocommerce_gallery_thumbnail":false},"uagb_author_info":{"display_name":"Conexion Brasil de Pilar Guill\u00e9n","author_link":"https:\/\/conexionbrasil.com\/pt\/author\/l0051339\/"},"uagb_comment_info":0,"uagb_excerpt":"Acerca de mi Soy Pilar Guill\u00e9n, consultora en comunicaci\u00f3n estrat\u00e9gica aplicada a negocios entre pa\u00edses de Latinoam\u00e9rica Hispanohablantes y Brasil. [&hellip;]","jetpack_sharing_enabled":true,"_links":{"self":[{"href":"https:\/\/conexionbrasil.com\/pt\/wp-json\/wp\/v2\/pages\/1185","targetHints":{"allow":["GET"]}}],"collection":[{"href":"https:\/\/conexionbrasil.com\/pt\/wp-json\/wp\/v2\/pages"}],"about":[{"href":"https:\/\/conexionbrasil.com\/pt\/wp-json\/wp\/v2\/types\/page"}],"author":[{"embeddable":true,"href":"https:\/\/conexionbrasil.com\/pt\/wp-json\/wp\/v2\/users\/2"}],"replies":[{"embeddable":true,"href":"https:\/\/conexionbrasil.com\/pt\/wp-json\/wp\/v2\/comments?post=1185"}],"version-history":[{"count":56,"href":"https:\/\/conexionbrasil.com\/pt\/wp-json\/wp\/v2\/pages\/1185\/revisions"}],"predecessor-version":[{"id":1917,"href":"https:\/\/conexionbrasil.com\/pt\/wp-json\/wp\/v2\/pages\/1185\/revisions\/1917"}],"wp:attachment":[{"href":"https:\/\/conexionbrasil.com\/pt\/wp-json\/wp\/v2\/media?parent=1185"}],"curies":[{"name":"wp","href":"https:\/\/api.w.org\/{rel}","templated":true}]}}